{"id":29,"date":"2024-03-17T21:24:38","date_gmt":"2024-03-17T20:24:38","guid":{"rendered":"https:\/\/simplementrh.com\/?page_id=29"},"modified":"2026-03-11T20:32:37","modified_gmt":"2026-03-11T19:32:37","slug":"ressources-humaines-et-management-conseil-temps-partage-formation","status":"publish","type":"page","link":"https:\/\/simplementrh.com\/","title":{"rendered":"RH et management : conseil, temps partag\u00e9, formation"},"content":{"rendered":"\n<div class=\"wp-block-columns is-layout-flex wp-container-core-columns-is-layout-28f84493 wp-block-columns-is-layout-flex\">\n<div class=\"wp-block-column is-layout-flow wp-block-column-is-layout-flow\" style=\"flex-basis:66.66%\">\n<h2 class=\"wp-block-heading\"><mark style=\"background-color:rgba(0, 0, 0, 0);color:#399699\" class=\"has-inline-color\">Je suis Nad\u00e8ge Oviedo, consultante en ressources humaines et formatrice.<\/mark><\/h2>\n\n\n\n<p>J\u2019accompagne les dirigeants et leurs \u00e9quipes \u00e0 structurer leur organisation avec clart\u00e9, rigueur et humanit\u00e9.<\/p>\n\n\n\n<p>Mon objectif : faire des ressources humaines un levier strat\u00e9gique simple, s\u00e9curisant et profond\u00e9ment humain.<\/p>\n\n\n\n<p>Parce qu\u2019au fil du temps, les RH sont devenues synonymes de complexit\u00e9, d\u2019obligations et de contraintes.<br>Or, un cadre clair ne freine pas l\u2019action \u2014 il la rend possible.<br>Un management structur\u00e9 ne rigidifie pas \u2014 il s\u00e9curise.<\/p>\n\n\n\n<p>Je crois \u00e0 des pratiques lisibles, responsables et align\u00e9es avec vos valeurs.<br>Moins de lourdeur. Plus de coh\u00e9rence. Plus de sens.<\/p>\n<\/div>\n\n\n\n<div class=\"wp-block-column is-layout-flow wp-block-column-is-layout-flow\" style=\"flex-basis:33.33%\">\n<figure class=\"wp-block-image size-full\"><img fetchpriority=\"high\" decoding=\"async\" width=\"1928\" height=\"2560\" src=\"https:\/\/simplementrh.com\/wp-content\/uploads\/2026\/03\/ASRH.23-scaled.jpg\" alt=\"\" class=\"wp-image-362\" srcset=\"https:\/\/simplementrh.com\/wp-content\/uploads\/2026\/03\/ASRH.23-scaled.jpg 1928w, https:\/\/simplementrh.com\/wp-content\/uploads\/2026\/03\/ASRH.23-226x300.jpg 226w, https:\/\/simplementrh.com\/wp-content\/uploads\/2026\/03\/ASRH.23-771x1024.jpg 771w, https:\/\/simplementrh.com\/wp-content\/uploads\/2026\/03\/ASRH.23-768x1020.jpg 768w, https:\/\/simplementrh.com\/wp-content\/uploads\/2026\/03\/ASRH.23-1157x1536.jpg 1157w, https:\/\/simplementrh.com\/wp-content\/uploads\/2026\/03\/ASRH.23-1543x2048.jpg 1543w\" sizes=\"(max-width: 1928px) 100vw, 1928px\" \/><\/figure>\n<\/div>\n<\/div>\n\n\n\n<h2 class=\"wp-block-heading\"><mark style=\"background-color:rgba(0, 0, 0, 0);color:#399699\" class=\"has-inline-color\">Mes accompagnements <\/mark><\/h2>\n\n\n\n<h3 class=\"wp-block-heading\"><mark style=\"background-color:rgba(0, 0, 0, 0);color:#399699\" class=\"has-inline-color\"><strong>Selon vos besoins, j\u2019interviens en conseil, en temps partag\u00e9 ou pour de la formation.<br><\/strong><\/mark><\/h3>\n\n\n\n<div class=\"wp-block-columns is-layout-flex wp-container-core-columns-is-layout-28f84493 wp-block-columns-is-layout-flex\">\n<div class=\"wp-block-column is-layout-flow wp-block-column-is-layout-flow\">\n<h2 class=\"wp-block-heading\"><mark style=\"background-color:rgba(0, 0, 0, 0);color:#269d9d\" class=\"has-inline-color\">Le conseil<\/mark><\/h2>\n\n\n\n<div class=\"wp-block-columns is-layout-flex wp-container-core-columns-is-layout-28f84493 wp-block-columns-is-layout-flex\">\n<div class=\"wp-block-column is-layout-flow wp-block-column-is-layout-flow\" style=\"flex-basis:66.66%\">\n<p><strong>Pour des situations ponctuelles, sensibles ou strat\u00e9giques.<\/strong><\/p>\n\n\n\n<p>Vous avez besoin d\u2019un \u00e9clairage pr\u00e9cis et rapide pour s\u00e9curiser une d\u00e9cision.<\/p>\n\n\n\n<p>Exemples d\u2019interventions :<\/p>\n\n\n\n<ul class=\"wp-block-list\">\n<li>Analyse d\u2019une situation manag\u00e9riale complexe (conflit, recadrage, positionnement hi\u00e9rarchique)<\/li>\n\n\n\n<li>Pr\u00e9paration d\u2019un entretien sensible (professionnel, disciplinaire, retour de cong\u00e9\u2026)<\/li>\n\n\n\n<li>V\u00e9rification ou r\u00e9daction d\u2019un contrat de travail, d\u2019un avenant ou d\u2019un document RH obligatoire<\/li>\n\n\n\n<li>Accompagnement \u00e0 la mise en conformit\u00e9 (DUERP, entretien professionnel, affichages obligatoires, registres\u2026)<\/li>\n\n\n\n<li>Appui strat\u00e9gique avant une \u00e9volution d\u2019organisation<\/li>\n\n\n\n<li>Clarification d\u2019un cadre de d\u00e9l\u00e9gation ou de responsabilit\u00e9s<\/li>\n<\/ul>\n\n\n\n<p><strong>Objectif :<\/strong> vous permettre de d\u00e9cider avec s\u00e9curit\u00e9, clart\u00e9 et s\u00e9r\u00e9nit\u00e9.<\/p>\n<\/div>\n\n\n\n<div class=\"wp-block-column is-layout-flow wp-block-column-is-layout-flow\" style=\"flex-basis:33.33%\">\n<figure class=\"wp-block-image aligncenter size-full\"><img decoding=\"async\" width=\"973\" height=\"871\" src=\"https:\/\/simplementrh.com\/wp-content\/uploads\/2026\/03\/Capture-decran-2026-03-08-205151.png\" alt=\"\" class=\"wp-image-398\" style=\"aspect-ratio:1\" srcset=\"https:\/\/simplementrh.com\/wp-content\/uploads\/2026\/03\/Capture-decran-2026-03-08-205151.png 973w, https:\/\/simplementrh.com\/wp-content\/uploads\/2026\/03\/Capture-decran-2026-03-08-205151-300x269.png 300w, https:\/\/simplementrh.com\/wp-content\/uploads\/2026\/03\/Capture-decran-2026-03-08-205151-768x687.png 768w\" sizes=\"(max-width: 973px) 100vw, 973px\" \/><\/figure>\n<\/div>\n<\/div>\n\n\n\n<div class=\"wp-block-columns is-layout-flex wp-container-core-columns-is-layout-28f84493 wp-block-columns-is-layout-flex\">\n<div class=\"wp-block-column is-layout-flow wp-block-column-is-layout-flow\"><\/div>\n\n\n\n<div class=\"wp-block-column is-layout-flow wp-block-column-is-layout-flow\"><\/div>\n<\/div>\n<\/div>\n<\/div>\n\n\n\n<div class=\"wp-block-columns is-layout-flex wp-container-core-columns-is-layout-28f84493 wp-block-columns-is-layout-flex\">\n<div class=\"wp-block-column is-layout-flow wp-block-column-is-layout-flow\">\n<h2 class=\"wp-block-heading\"><mark style=\"background-color:rgba(0, 0, 0, 0);color:#269d9d\" class=\"has-inline-color\">Le temps partag\u00e9<\/mark><\/h2>\n\n\n\n<div class=\"wp-block-columns is-layout-flex wp-container-core-columns-is-layout-28f84493 wp-block-columns-is-layout-flex\">\n<div class=\"wp-block-column is-layout-flow wp-block-column-is-layout-flow\" style=\"flex-basis:66.66%\">\n<p><strong>Pour structurer durablement vos ressources humaines.<\/strong><\/p>\n\n\n\n<p>Vous avez besoin d\u2019un appui r\u00e9gulier, strat\u00e9gique et op\u00e9rationnel, sans recruter un RH en interne.<\/p>\n\n\n\n<p>Exemples d\u2019accompagnement :<\/p>\n\n\n\n<ul class=\"wp-block-list\">\n<li>Cartographie et optimisation des processus RH (recrutement, int\u00e9gration, \u00e9valuation, formation, d\u00e9part\u2026)<\/li>\n\n\n\n<li>Cr\u00e9ation ou simplification de vos outils RH (trames d\u2019entretien, fiches de poste, proc\u00e9dures claires et accessibles)<\/li>\n\n\n\n<li>Structuration d\u2019un parcours d\u2019int\u00e9gration<\/li>\n\n\n\n<li>Mise en place de rituels manag\u00e9riaux coh\u00e9rents<\/li>\n\n\n\n<li>Construction d\u2019un plan de d\u00e9veloppement des comp\u00e9tences<\/li>\n\n\n\n<li>Harmonisation des pratiques entre managers<\/li>\n\n\n\n<li>S\u00e9curisation progressive de l\u2019ensemble du cadre l\u00e9gal<\/li>\n<\/ul>\n\n\n\n<p>Je travaille \u00e0 vos c\u00f4t\u00e9s, au rythme de votre organisation, avec une logique de transmission et d\u2019autonomisation.<\/p>\n\n\n\n<p><strong>Objectif :<\/strong> poser des bases solides, fluides et p\u00e9rennes.<\/p>\n<\/div>\n\n\n\n<div class=\"wp-block-column is-layout-flow wp-block-column-is-layout-flow\" style=\"flex-basis:33.33%\">\n<figure class=\"wp-block-image size-full\"><img decoding=\"async\" width=\"277\" height=\"195\" src=\"https:\/\/simplementrh.com\/wp-content\/uploads\/2026\/03\/Capture-decran-2026-03-08-204650-1.png\" alt=\"\" class=\"wp-image-403\"\/><\/figure>\n<\/div>\n<\/div>\n<\/div>\n<\/div>\n\n\n\n<div class=\"wp-block-columns is-layout-flex wp-container-core-columns-is-layout-28f84493 wp-block-columns-is-layout-flex\">\n<div class=\"wp-block-column is-layout-flow wp-block-column-is-layout-flow\">\n<h2 class=\"wp-block-heading\"><mark style=\"background-color:rgba(0, 0, 0, 0);color:#269d9d\" class=\"has-inline-color\">La formation<\/mark><\/h2>\n\n\n\n<div class=\"wp-block-columns is-layout-flex wp-container-core-columns-is-layout-28f84493 wp-block-columns-is-layout-flex\">\n<div class=\"wp-block-column is-layout-flow wp-block-column-is-layout-flow\" style=\"flex-basis:66.66%\">\n<p><strong>Pour renforcer les comp\u00e9tences et la posture des dirigeants et des \u00e9quipes.<\/strong><\/p>\n\n\n\n<p>Lorsque l\u2019enjeu est de faire \u00e9voluer les pratiques, la formation devient un levier structurant.<\/p>\n\n\n\n<p>Exemples de th\u00e9matiques :<\/p>\n\n\n\n<ul class=\"wp-block-list\">\n<li>Management simple et responsable<\/li>\n\n\n\n<li>Adopter une posture manag\u00e9riale claire et cadrante<\/li>\n\n\n\n<li>Conduire un entretien professionnel ou un entretien de recadrage<\/li>\n\n\n\n<li>G\u00e9rer une situation sensible avec justesse<\/li>\n\n\n\n<li>Bases essentielles du droit du travail pour non-sp\u00e9cialistes<\/li>\n\n\n\n<li>Clarifier les r\u00f4les et responsabilit\u00e9s dans une \u00e9quipe<\/li>\n\n\n\n<li>D\u00e9velopper une communication claire et constructive<\/li>\n\n\n\n<li>Ateliers de simplification des pratiques RH<\/li>\n<\/ul>\n\n\n\n<p>Formats possibles : formations individuelles, ateliers participatifs, formations intra-entreprise ou accompagnement collectif des managers.<\/p>\n\n\n\n<p><strong>Objectif :<\/strong> transmettre des comp\u00e9tences concr\u00e8tes et imm\u00e9diatement applicables.<\/p>\n<\/div>\n\n\n\n<div class=\"wp-block-column is-layout-flow wp-block-column-is-layout-flow\" style=\"flex-basis:33.33%\">\n<figure class=\"wp-block-image size-full\"><img loading=\"lazy\" decoding=\"async\" width=\"986\" height=\"961\" src=\"http:\/\/simplementrh.com\/wp-content\/uploads\/2026\/03\/Capture-decran-2026-03-08-205359_1.jpg\" alt=\"\" class=\"wp-image-412\" srcset=\"https:\/\/simplementrh.com\/wp-content\/uploads\/2026\/03\/Capture-decran-2026-03-08-205359_1.jpg 986w, https:\/\/simplementrh.com\/wp-content\/uploads\/2026\/03\/Capture-decran-2026-03-08-205359_1-300x292.jpg 300w, https:\/\/simplementrh.com\/wp-content\/uploads\/2026\/03\/Capture-decran-2026-03-08-205359_1-768x749.jpg 768w\" sizes=\"(max-width: 986px) 100vw, 986px\" \/><\/figure>\n<\/div>\n<\/div>\n<\/div>\n<\/div>\n\n\n\n<div class=\"wp-block-columns is-layout-flex wp-container-core-columns-is-layout-28f84493 wp-block-columns-is-layout-flex\">\n<div class=\"wp-block-column is-layout-flow wp-block-column-is-layout-flow\">\n<h2 class=\"wp-block-heading\"><mark style=\"background-color:rgba(0, 0, 0, 0);color:#269d9d\" class=\"has-inline-color\">Ma signature<\/mark> :<\/h2>\n\n\n\n<p>De la simplicit\u00e9 dans les outils.<br>De la rigueur dans le cadre.<br>De l&rsquo;humanit\u00e9 dans les relations.<\/p>\n\n\n\n<p>En soit, des ressources humaines claires, s\u00e9curis\u00e9es et au service de votre d\u00e9veloppement.<\/p>\n\n\n\n<p><strong>Je travaille \u00e0 vos c\u00f4t\u00e9s, au rythme de votre organisation, avec une logique de transmission et d\u2019autonomisation.<\/strong><\/p>\n<\/div>\n<\/div>\n\n\n\n<h2 class=\"wp-block-heading\"><strong><mark style=\"background-color:rgba(0, 0, 0, 0);color:#269d9d\" class=\"has-inline-color\">Et maintenant ?<\/mark><\/strong><\/h2>\n\n\n\n<p>Et si nous faisions un point sur votre situation actuelle ?<\/p>\n\n\n\n<p>Un premier \u00e9change permet d\u2019identifier vos priorit\u00e9s et de d\u00e9finir l\u2019accompagnement le plus adapt\u00e9.<\/p>\n\n\n\n<p><strong>Prenons ce temps ensemble.<\/strong><\/p>\n\n\n\n<div class=\"wp-block-columns is-layout-flex wp-container-core-columns-is-layout-28f84493 wp-block-columns-is-layout-flex\">\n<div class=\"wp-block-column is-layout-flow wp-block-column-is-layout-flow\">\n<figure class=\"wp-block-image aligncenter size-full is-resized\"><img loading=\"lazy\" decoding=\"async\" width=\"340\" height=\"333\" src=\"https:\/\/simplementrh.com\/wp-content\/uploads\/2024\/03\/Capture-decran-2024-03-26-095058.png\" alt=\"\" class=\"wp-image-217\" style=\"width:150px;height:auto\" srcset=\"https:\/\/simplementrh.com\/wp-content\/uploads\/2024\/03\/Capture-decran-2024-03-26-095058.png 340w, https:\/\/simplementrh.com\/wp-content\/uploads\/2024\/03\/Capture-decran-2024-03-26-095058-300x294.png 300w\" sizes=\"(max-width: 340px) 100vw, 340px\" \/><\/figure>\n\n\n\n<p class=\"has-text-align-center\"><strong><mark style=\"background-color:rgba(0, 0, 0, 0);color:#2b7c82\" class=\"has-inline-color\"><a href=\"https:\/\/simplementrh.com\/?page_id=229\" target=\"_blank\" rel=\"noopener sponsored\" title=\"Formulaire de Contact\">Formulaire de Contact<\/a><\/mark><\/strong><\/p>\n<\/div>\n\n\n\n<div class=\"wp-block-column is-layout-flow wp-block-column-is-layout-flow\">\n<figure class=\"wp-block-image size-full is-resized\"><img loading=\"lazy\" decoding=\"async\" width=\"697\" height=\"727\" src=\"http:\/\/simplementrh.com\/wp-content\/uploads\/2025\/11\/Capture-decran-2025-11-20-162621-3.png\" alt=\"\" class=\"wp-image-340\" style=\"width:252px;height:auto\" srcset=\"https:\/\/simplementrh.com\/wp-content\/uploads\/2025\/11\/Capture-decran-2025-11-20-162621-3.png 697w, https:\/\/simplementrh.com\/wp-content\/uploads\/2025\/11\/Capture-decran-2025-11-20-162621-3-288x300.png 288w\" sizes=\"(max-width: 697px) 100vw, 697px\" \/><\/figure>\n<\/div>\n<\/div>\n\n\n\n<p><\/p>\n","protected":false},"excerpt":{"rendered":"<p>Je suis Nad\u00e8ge Oviedo, consultante en ressources humaines et formatrice. J\u2019accompagne les dirigeants et leurs \u00e9quipes \u00e0 structurer leur organisation [&hellip;]<\/p>\n","protected":false},"author":1,"featured_media":330,"parent":0,"menu_order":1,"comment_status":"closed","ping_status":"closed","template":"","meta":{"site-sidebar-layout":"default","site-content-layout":"","ast-site-content-layout":"default","site-content-style":"default","site-sidebar-style":"default","ast-global-header-display":"","ast-banner-title-visibility":"","ast-main-header-display":"","ast-hfb-above-header-display":"","ast-hfb-below-header-display":"","ast-hfb-mobile-header-display":"","site-post-title":"disabled","ast-breadcrumbs-content":"","ast-featured-img":"","footer-sml-layout":"","ast-disable-related-posts":"","theme-transparent-header-meta":"","adv-header-id-meta":"","stick-header-meta":"","header-above-stick-meta":"","header-main-stick-meta":"","header-below-stick-meta":"","astra-migrate-meta-layouts":"default","ast-page-background-enabled":"default","ast-page-background-meta":{"desktop":{"background-color":"var(--ast-global-color-4)","background-image":"","background-repeat":"repeat","background-position":"center center","background-size":"auto","background-attachment":"scroll","background-type":"","background-media":"","overlay-type":"","overlay-color":"","overlay-opacity":"","overlay-gradient":""},"tablet":{"background-color":"","background-image":"","background-repeat":"repeat","background-position":"center center","background-size":"auto","background-attachment":"scroll","background-type":"","background-media":"","overlay-type":"","overlay-color":"","overlay-opacity":"","overlay-gradient":""},"mobile":{"background-color":"","background-image":"","background-repeat":"repeat","background-position":"center center","background-size":"auto","background-attachment":"scroll","background-type":"","background-media":"","overlay-type":"","overlay-color":"","overlay-opacity":"","overlay-gradient":""}},"ast-content-background-meta":{"desktop":{"background-color":"var(--ast-global-color-5)","background-image":"","background-repeat":"repeat","background-position":"center center","background-size":"auto","background-attachment":"scroll","background-type":"","background-media":"","overlay-type":"","overlay-color":"","overlay-opacity":"","overlay-gradient":""},"tablet":{"background-color":"var(--ast-global-color-5)","background-image":"","background-repeat":"repeat","background-position":"center center","background-size":"auto","background-attachment":"scroll","background-type":"","background-media":"","overlay-type":"","overlay-color":"","overlay-opacity":"","overlay-gradient":""},"mobile":{"background-color":"var(--ast-global-color-5)","background-image":"","background-repeat":"repeat","background-position":"center center","background-size":"auto","background-attachment":"scroll","background-type":"","background-media":"","overlay-type":"","overlay-color":"","overlay-opacity":"","overlay-gradient":""}},"footnotes":""},"class_list":["post-29","page","type-page","status-publish","has-post-thumbnail","hentry"],"aioseo_notices":[],"_links":{"self":[{"href":"https:\/\/simplementrh.com\/index.php?rest_route=\/wp\/v2\/pages\/29","targetHints":{"allow":["GET"]}}],"collection":[{"href":"https:\/\/simplementrh.com\/index.php?rest_route=\/wp\/v2\/pages"}],"about":[{"href":"https:\/\/simplementrh.com\/index.php?rest_route=\/wp\/v2\/types\/page"}],"author":[{"embeddable":true,"href":"https:\/\/simplementrh.com\/index.php?rest_route=\/wp\/v2\/users\/1"}],"replies":[{"embeddable":true,"href":"https:\/\/simplementrh.com\/index.php?rest_route=%2Fwp%2Fv2%2Fcomments&post=29"}],"version-history":[{"count":108,"href":"https:\/\/simplementrh.com\/index.php?rest_route=\/wp\/v2\/pages\/29\/revisions"}],"predecessor-version":[{"id":413,"href":"https:\/\/simplementrh.com\/index.php?rest_route=\/wp\/v2\/pages\/29\/revisions\/413"}],"wp:featuredmedia":[{"embeddable":true,"href":"https:\/\/simplementrh.com\/index.php?rest_route=\/wp\/v2\/media\/330"}],"wp:attachment":[{"href":"https:\/\/simplementrh.com\/index.php?rest_route=%2Fwp%2Fv2%2Fmedia&parent=29"}],"curies":[{"name":"wp","href":"https:\/\/api.w.org\/{rel}","templated":true}]}}